{"id":661,"date":"2018-09-26T08:48:22","date_gmt":"2018-09-26T08:48:22","guid":{"rendered":"https:\/\/dekorplus.rs\/wordpress\/about-us\/"},"modified":"2023-05-02T18:17:35","modified_gmt":"2023-05-02T18:17:35","slug":"o-nama","status":"publish","type":"page","link":"https:\/\/dekorplus.rs\/wordpress\/o-nama\/","title":{"rendered":"O nama"},"content":{"rendered":"\t\t<div data-elementor-type=\"wp-post\" data-elementor-id=\"661\" class=\"elementor elementor-661\">\n\t\t\t\t\t\t<section class=\"elementor-section elementor-top-section elementor-element elementor-element-e530ce5 elementor-section-boxed elementor-section-height-default elementor-section-height-default elementor-invisible\" data-id=\"e530ce5\" data-element_type=\"section\" data-settings=\"{&quot;animation&quot;:&quot;fadeIn&quot;}\">\n\t\t\t\t\t\t<div class=\"elementor-container elementor-column-gap-default\">\n\t\t\t\t\t<div class=\"elementor-column elementor-col-100 elementor-top-column elementor-element elementor-element-4e8df1f elementor-invisible\" data-id=\"4e8df1f\" data-element_type=\"column\" data-settings=\"{&quot;animation&quot;:&quot;fadeIn&quot;}\">\n\t\t\t<div class=\"elementor-widget-wrap elementor-element-populated\">\n\t\t\t\t\t\t<div class=\"elementor-element elementor-element-2c7c06b elementor-widget-tablet__width-inherit elementor-widget elementor-widget-image-box\" data-id=\"2c7c06b\" data-element_type=\"widget\" data-widget_type=\"image-box.default\">\n\t\t\t\t<div class=\"elementor-widget-container\">\n\t\t\t\t\t<div class=\"elementor-image-box-wrapper\"><div class=\"elementor-image-box-content\"><h1 class=\"elementor-image-box-title\">Malo o nama...\u200b<\/h1><p class=\"elementor-image-box-description\">Radnja je osnovana 1995. godine i nalazi se u samom jezgru starog Zemuna, nedaleko od Opere i teatra Madlenianum, u ulici Lagumska 4.<\/p><\/div><\/div>\t\t\t\t<\/div>\n\t\t\t\t<\/div>\n\t\t\t\t\t<\/div>\n\t\t<\/div>\n\t\t\t\t\t<\/div>\n\t\t<\/section>\n\t\t\t\t<section class=\"elementor-section elementor-top-section elementor-element elementor-element-1e6d65b elementor-section-content-middle elementor-section-boxed elementor-section-height-default elementor-section-height-default elementor-invisible\" data-id=\"1e6d65b\" data-element_type=\"section\" data-settings=\"{&quot;background_background&quot;:&quot;classic&quot;,&quot;animation&quot;:&quot;fadeIn&quot;,&quot;animation_delay&quot;:0}\">\n\t\t\t\t\t\t<div class=\"elementor-container elementor-column-gap-default\">\n\t\t\t\t\t<div class=\"elementor-column elementor-col-50 elementor-top-column elementor-element elementor-element-40e66f4\" data-id=\"40e66f4\" data-element_type=\"column\">\n\t\t\t<div class=\"elementor-widget-wrap elementor-element-populated\">\n\t\t\t\t\t\t<div class=\"elementor-element elementor-element-f83cc94 elementor-widget elementor-widget-image\" data-id=\"f83cc94\" data-element_type=\"widget\" data-widget_type=\"image.default\">\n\t\t\t\t<div class=\"elementor-widget-container\">\n\t\t\t\t\t\t\t\t\t\t\t\t\t\t\t<img fetchpriority=\"high\" decoding=\"async\" width=\"800\" height=\"559\" src=\"https:\/\/dekorplus.rs\/wordpress\/wp-content\/uploads\/2023\/02\/slavlje-1024x716.jpg\" class=\"attachment-large size-large wp-image-1751\" alt=\"\" srcset=\"https:\/\/dekorplus.rs\/wordpress\/wp-content\/uploads\/2023\/02\/slavlje-1024x716.jpg 1024w, https:\/\/dekorplus.rs\/wordpress\/wp-content\/uploads\/2023\/02\/slavlje-300x210.jpg 300w, https:\/\/dekorplus.rs\/wordpress\/wp-content\/uploads\/2023\/02\/slavlje-768x537.jpg 768w, https:\/\/dekorplus.rs\/wordpress\/wp-content\/uploads\/2023\/02\/slavlje.jpg 1080w\" sizes=\"(max-width: 800px) 100vw, 800px\" \/>\t\t\t\t\t\t\t\t\t\t\t\t\t\t\t<\/div>\n\t\t\t\t<\/div>\n\t\t\t\t\t<\/div>\n\t\t<\/div>\n\t\t\t\t<div class=\"elementor-column elementor-col-50 elementor-top-column elementor-element elementor-element-a6be7aa\" data-id=\"a6be7aa\" data-element_type=\"column\">\n\t\t\t<div class=\"elementor-widget-wrap elementor-element-populated\">\n\t\t\t\t\t\t<div class=\"elementor-element elementor-element-e231e9b elementor-widget elementor-widget-text-editor\" data-id=\"e231e9b\" data-element_type=\"widget\" data-widget_type=\"text-editor.default\">\n\t\t\t\t<div class=\"elementor-widget-container\">\n\t\t\t\t\t\t\t\t\t<p>Tvorac ideje kao i same realizacije je ugledni zemunski trgovac i ugostitelj <b>Slobodan Daki\u0107 \u2013 Daka<\/b>.\u00a0<\/p><p>Svojim idejama i doprinosom odlikovan je medaljom koju dodeljuje Op\u0161tina Zemun \u201c<b>Po\u010dasni gra\u0111anin Zemuna<\/b>\u201d.<\/p><p>Od 1995. godine do danas radnja je u vlasni\u0161tvu porodice Daki\u0107.<\/p>\t\t\t\t\t\t\t\t<\/div>\n\t\t\t\t<\/div>\n\t\t\t\t\t<\/div>\n\t\t<\/div>\n\t\t\t\t\t<\/div>\n\t\t<\/section>\n\t\t\t\t<section class=\"elementor-section elementor-top-section elementor-element elementor-element-4acde29 elementor-section-content-middle elementor-section-boxed elementor-section-height-default elementor-section-height-default elementor-invisible\" data-id=\"4acde29\" data-element_type=\"section\" data-settings=\"{&quot;animation&quot;:&quot;fadeIn&quot;,&quot;animation_delay&quot;:200}\">\n\t\t\t\t\t\t<div class=\"elementor-container elementor-column-gap-default\">\n\t\t\t\t\t<div class=\"elementor-column elementor-col-100 elementor-top-column elementor-element elementor-element-f371074\" data-id=\"f371074\" data-element_type=\"column\">\n\t\t\t<div class=\"elementor-widget-wrap elementor-element-populated\">\n\t\t\t\t\t\t<div class=\"elementor-element elementor-element-72c2033 elementor-widget elementor-widget-text-editor\" data-id=\"72c2033\" data-element_type=\"widget\" data-widget_type=\"text-editor.default\">\n\t\t\t\t<div class=\"elementor-widget-container\">\n\t\t\t\t\t\t\t\t\t<p>Vi\u0161e puta bili smo u\u010desnici Me\u0111unarodnog sajma name\u0161taja i u tim izlaganjima bili smo zapa\u017eeni po aran\u017emanima i ure\u0111enju samog \u0161tanda.<\/p><p>Trud i negovanje tradicije da sve \u0161to se izla\u017ee ima i umetni\u010dki pe\u010dat negujemo i danas. U prilog tome mo\u017eemo se pohvaliti da smo vi\u0161e puta bili nagra\u0111ivani od Op\u0161tine Zemun za \u201cNajlep\u0161i Bo\u017ei\u0107ni izlog\u201d (2004, 2010, 2011, 2013, 2015, 2016 i 2017. godine) i 2009. godine na nivou grada Beograda, u kategoriji \u201cNajbolji jesenji izlog\u201d.<\/p>\t\t\t\t\t\t\t\t<\/div>\n\t\t\t\t<\/div>\n\t\t\t\t<div class=\"elementor-element elementor-element-589d6d1 gallery-spacing-custom elementor-widget elementor-widget-image-gallery\" data-id=\"589d6d1\" data-element_type=\"widget\" data-widget_type=\"image-gallery.default\">\n\t\t\t\t<div class=\"elementor-widget-container\">\n\t\t\t\t\t\t\t<div class=\"elementor-image-gallery\">\n\t\t\t<div id='gallery-1' class='gallery galleryid-661 gallery-columns-3 gallery-size-large'><figure class='gallery-item'>\n\t\t\t<div class='gallery-icon portrait'>\n\t\t\t\t<img decoding=\"async\" width=\"721\" height=\"1024\" src=\"https:\/\/dekorplus.rs\/wordpress\/wp-content\/uploads\/2023\/02\/sajam1-721x1024.jpg\" class=\"attachment-large size-large\" alt=\"\" srcset=\"https:\/\/dekorplus.rs\/wordpress\/wp-content\/uploads\/2023\/02\/sajam1-721x1024.jpg 721w, https:\/\/dekorplus.rs\/wordpress\/wp-content\/uploads\/2023\/02\/sajam1-211x300.jpg 211w, https:\/\/dekorplus.rs\/wordpress\/wp-content\/uploads\/2023\/02\/sajam1.jpg 760w\" sizes=\"(max-width: 721px) 100vw, 721px\" \/>\n\t\t\t<\/div><\/figure><figure class='gallery-item'>\n\t\t\t<div class='gallery-icon portrait'>\n\t\t\t\t<img decoding=\"async\" width=\"726\" height=\"1024\" src=\"https:\/\/dekorplus.rs\/wordpress\/wp-content\/uploads\/2023\/02\/sajam3-e1678019054973-726x1024.jpg\" class=\"attachment-large size-large\" alt=\"\" srcset=\"https:\/\/dekorplus.rs\/wordpress\/wp-content\/uploads\/2023\/02\/sajam3-e1678019054973-726x1024.jpg 726w, https:\/\/dekorplus.rs\/wordpress\/wp-content\/uploads\/2023\/02\/sajam3-e1678019054973-213x300.jpg 213w, https:\/\/dekorplus.rs\/wordpress\/wp-content\/uploads\/2023\/02\/sajam3-e1678019054973.jpg 760w\" sizes=\"(max-width: 726px) 100vw, 726px\" \/>\n\t\t\t<\/div><\/figure><figure class='gallery-item'>\n\t\t\t<div class='gallery-icon portrait'>\n\t\t\t\t<img loading=\"lazy\" decoding=\"async\" width=\"730\" height=\"1024\" src=\"https:\/\/dekorplus.rs\/wordpress\/wp-content\/uploads\/2023\/02\/drvo_jastucica-e1678019044228-730x1024.jpg\" class=\"attachment-large size-large\" alt=\"\" srcset=\"https:\/\/dekorplus.rs\/wordpress\/wp-content\/uploads\/2023\/02\/drvo_jastucica-e1678019044228-730x1024.jpg 730w, https:\/\/dekorplus.rs\/wordpress\/wp-content\/uploads\/2023\/02\/drvo_jastucica-e1678019044228-214x300.jpg 214w, https:\/\/dekorplus.rs\/wordpress\/wp-content\/uploads\/2023\/02\/drvo_jastucica-e1678019044228.jpg 760w\" sizes=\"(max-width: 730px) 100vw, 730px\" \/>\n\t\t\t<\/div><\/figure>\n\t\t<\/div>\n\t\t<\/div>\n\t\t\t\t\t\t<\/div>\n\t\t\t\t<\/div>\n\t\t\t\t<div class=\"elementor-element elementor-element-e8fe1d1 elementor-widget__width-inherit elementor-widget elementor-widget-image\" data-id=\"e8fe1d1\" data-element_type=\"widget\" data-widget_type=\"image.default\">\n\t\t\t\t<div class=\"elementor-widget-container\">\n\t\t\t\t\t\t\t\t\t\t\t\t<figure class=\"wp-caption\">\n\t\t\t\t\t\t\t\t\t\t\t<a href=\"https:\/\/dekorplus.rs\/wordpress\/wp-content\/uploads\/2023\/02\/radnja-detalji-4.jpg\" data-elementor-open-lightbox=\"yes\" data-elementor-lightbox-title=\"radnja-detalji-4\" data-e-action-hash=\"#elementor-action%3Aaction%3Dlightbox%26settings%3DeyJpZCI6MTcwNywidXJsIjoiaHR0cHM6XC9cL2Rla29ycGx1cy5yc1wvd29yZHByZXNzXC93cC1jb250ZW50XC91cGxvYWRzXC8yMDIzXC8wMlwvcmFkbmphLWRldGFsamktNC1lMTY4MDYwMDE4ODU3Ny5qcGcifQ%3D%3D\">\n\t\t\t\t\t\t\t<img loading=\"lazy\" decoding=\"async\" width=\"1080\" height=\"607\" src=\"https:\/\/dekorplus.rs\/wordpress\/wp-content\/uploads\/2023\/02\/radnja-detalji-4-e1680600188577.jpg\" class=\"attachment-full size-full wp-image-1707\" alt=\"\" srcset=\"https:\/\/dekorplus.rs\/wordpress\/wp-content\/uploads\/2023\/02\/radnja-detalji-4-e1680600188577.jpg 1080w, https:\/\/dekorplus.rs\/wordpress\/wp-content\/uploads\/2023\/02\/radnja-detalji-4-e1680600188577-300x169.jpg 300w, https:\/\/dekorplus.rs\/wordpress\/wp-content\/uploads\/2023\/02\/radnja-detalji-4-e1680600188577-1024x576.jpg 1024w, https:\/\/dekorplus.rs\/wordpress\/wp-content\/uploads\/2023\/02\/radnja-detalji-4-e1680600188577-768x432.jpg 768w\" sizes=\"(max-width: 1080px) 100vw, 1080px\" \/>\t\t\t\t\t\t\t\t<\/a>\n\t\t\t\t\t\t\t\t\t\t\t<figcaption class=\"widget-image-caption wp-caption-text\">Dana\u0161nji izgled radnje<\/figcaption>\n\t\t\t\t\t\t\t\t\t\t<\/figure>\n\t\t\t\t\t\t\t\t\t<\/div>\n\t\t\t\t<\/div>\n\t\t\t\t\t<\/div>\n\t\t<\/div>\n\t\t\t\t\t<\/div>\n\t\t<\/section>\n\t\t\t\t<\/div>\n\t\t","protected":false},"excerpt":{"rendered":"<p>Malo o nama&#8230;\u200b Radnja je osnovana 1995. godine i nalazi se u samom jezgru starog Zemuna, nedaleko od Opere i teatra Madlenianum, u ulici Lagumska 4. Tvorac ideje kao i same realizacije je ugledni zemunski trgovac i ugostitelj Slobodan Daki\u0107 \u2013 Daka.\u00a0 Svojim idejama i doprinosom odlikovan je medaljom koju dodeljuje Op\u0161tina Zemun \u201cPo\u010dasni gra\u0111anin [&hellip;]<\/p>\n","protected":false},"author":1,"featured_media":0,"parent":0,"menu_order":0,"comment_status":"closed","ping_status":"closed","template":"","meta":{"om_disable_all_campaigns":false,"_mi_skip_tracking":false,"footnotes":""},"class_list":["post-661","page","type-page","status-publish","hentry"],"aioseo_notices":[],"_links":{"self":[{"href":"https:\/\/dekorplus.rs\/wordpress\/wp-json\/wp\/v2\/pages\/661","targetHints":{"allow":["GET"]}}],"collection":[{"href":"https:\/\/dekorplus.rs\/wordpress\/wp-json\/wp\/v2\/pages"}],"about":[{"href":"https:\/\/dekorplus.rs\/wordpress\/wp-json\/wp\/v2\/types\/page"}],"author":[{"embeddable":true,"href":"https:\/\/dekorplus.rs\/wordpress\/wp-json\/wp\/v2\/users\/1"}],"replies":[{"embeddable":true,"href":"https:\/\/dekorplus.rs\/wordpress\/wp-json\/wp\/v2\/comments?post=661"}],"version-history":[{"count":92,"href":"https:\/\/dekorplus.rs\/wordpress\/wp-json\/wp\/v2\/pages\/661\/revisions"}],"predecessor-version":[{"id":1987,"href":"https:\/\/dekorplus.rs\/wordpress\/wp-json\/wp\/v2\/pages\/661\/revisions\/1987"}],"wp:attachment":[{"href":"https:\/\/dekorplus.rs\/wordpress\/wp-json\/wp\/v2\/media?parent=661"}],"curies":[{"name":"wp","href":"https:\/\/api.w.org\/{rel}","templated":true}]}}